{"id":63,"date":"2020-01-24T19:54:31","date_gmt":"2020-01-24T18:54:31","guid":{"rendered":"https:\/\/michaeldoerner.de\/?page_id=63"},"modified":"2026-01-26T18:10:42","modified_gmt":"2026-01-26T17:10:42","slug":"gruppenausstellungen","status":"publish","type":"page","link":"https:\/\/michaeldoerner.de\/en\/gruppenausstellungen\/","title":{"rendered":"Gruppen&shy;ausstellungen"},"content":{"rendered":"<dl class=\"wp-block-simple-definition-list-blocks-list\"><\/dl>\n\n\n\n<p>2025<\/p>\n\n\n\n<p><strong>ChatMDF,<\/strong> K\u00fcnstlerhaus Hamburg-Bergedorf, Hamburg (Katalog)<br><strong><strong>ENTRANS\u00ccTO<\/strong><\/strong> &#8211; <strong>inspirit we are elsewhere,<\/strong> Iglesia de San Antonio, San Antonio, Ibiza, Spanien<br><strong>ChatMDF,<\/strong> Kunstverein Rotenburg, Rotenburg W\u00fcmme (Katalog)<br><strong>Digital Icon<\/strong>, Casa Bianca, City of Thessaloniki, Griechenland (Katalog)<br><strong><strong><strong>ENTRANS\u00ccTO<\/strong><\/strong><\/strong> &#8211; <strong>inspirit we are elsewhere,<\/strong> Raum linksrechts, G\u00e4ngeviertel, Hamburg<br><strong>Korea &#8211; Germany Contemporary Art Exhibition,<\/strong> Changwon Seongsan Art Hall, Changwon, South Korea (Katalog)<\/p>\n\n\n\n<p>2024<\/p>\n\n\n\n<p><strong><strong>ENTRANS\u00ccTO,<\/strong><\/strong> Faro Ses Coves Blances, San Antonio, Ibiza, Spanien (Katalog)<br><strong>ChatMDF,<\/strong> Kunstverein Schwimmhalle Schloss Pl\u00f6n, Pl\u00f6n (Katalog)<br><strong>Hamburg Meets Changwon,<\/strong> Polarraum, Hamburg<br><strong>Digital Icon<\/strong>, Casa Bianca, City of Thessaloniki, Griechenland (Katalog)<br><strong>microStoria &#8211; about small formats<\/strong>, Polarraum, Hamburg<br><strong>BrennWEITEN, @ Art Affairs<\/strong>, Kunsthalle Faust Hannover<\/p>\n\n\n\n<p>2023<\/p>\n\n\n\n<p><strong>:-# Kunst und Soziale Medien<\/strong>, Kunstverein Rotenburg (W\u00fcmme)<br><strong>ENTRANS\u00ccTO,<\/strong> Sa Punta des Mol\u00ed, San Antonio, Ibiza, Spanien (Katalog)<br><strong>Korea &#8211; Germany Contemporary Art Exhibition,<\/strong> Changwon Seongsan Art Hall, Changwon, South Korea (Katalog)<br><strong>Hohl &amp; Plastik,<\/strong> level one, Hamburg<\/p>\n\n\n\n<p>2022<\/p>\n\n\n\n<p><strong>Same Page<\/strong>, Kunstverein Rotenburg, Rotenburg (W\u00fcmme), Bibliothek der HKS Ottersberg, (Katalog)<br><strong>Singularis<\/strong>, K\u00fcnstlerhaus Bergedorf, Hamburg-Bergedorf<br><strong>Cc: Kampagne<\/strong>, St\u00e4rkefabrik Loitz, Loitz (Katalog)<br><strong>Beyond CODE &amp; Time<\/strong>, Pavillon 0\/4 -decentralized art pavilion of a common future of utopia, Venedig<\/p>\n\n\n\n<p>2020<\/p>\n\n\n\n<p><strong><strong>Alleluja<\/strong>,<\/strong> level one, Hamburg  <br><strong>Petersburger Salon<\/strong>, level one, Hamburg<\/p>\n\n\n\n<p>2019<\/p>\n\n\n\n<p><strong><strong>FoodFuturesArt<\/strong>, <\/strong>Kunsthalle Faust, Hannover<br><strong><strong>Schwarzer Nebel &#8211; Wei\u00dfer Rauch<\/strong>, <\/strong>Kokerei Dortmund (Katalog)<\/p>\n\n\n\n<p>2018<\/p>\n\n\n\n<p><strong><strong>Ausnahmezustand<\/strong>, <\/strong>Projektraum Eichenhof &#8211; K\u00fcnstlerh\u00e4user Worpswede (Katalog)<\/p>\n\n\n\n<p>2017<\/p>\n\n\n\n<p><strong><strong>aufgetischt<\/strong>, <\/strong>level one, Hamburg  <br><strong><strong>Cuerpos de Lengua<\/strong>, <\/strong>Maczul, Museo de Arte Contempor\u00e1neo del Zulia, Maracaibo, Venezuela (Katalog)<\/p>\n\n\n\n<p>2016<\/p>\n\n\n\n<p><strong>Inklusion inklusive<\/strong>, Herbert Gerisch Stiftung, Skulpturen Park Neum\u00fcnster (Katalog)<\/p>\n\n\n\n<p>2015<\/p>\n\n\n\n<p><strong>Lokal Heroes L5 \u2013 Heimspiel<\/strong>, Kunsthalle Faust, Hannover2014<\/p>\n\n\n\n<p>2014<\/p>\n\n\n\n<p><strong>Notausgang am Horizont<\/strong>, Bremer Kunstfr\u00fchling, Bremen (Katalog)<br><strong>Petersburger Salon<\/strong>, level one, Hamburg<\/p>\n\n\n\n<p>2013<\/p>\n\n\n\n<p><strong>Private Paradox<\/strong>, White Trash Contemporary, Hamburg<br><strong>Taller \u2013 Werkstatt<\/strong>, Velada Santa Lucia, Maracaibo<br><strong>Einblicke in die Sammlung<\/strong>, Stadtgalerie Kiel, (Katalog)<br><strong>Velada Remix<\/strong>, Taller \u2013 Werkstatt, level one, Hamburg<br><strong>Aufgemacht&nbsp;<\/strong>\u2013 30. Baden-W\u00fcrtemmbergische Literaturtage Wiesloch, Amtsgericht Wiesloch<br><strong>Trio f\u00fcr Treppe und Turm<\/strong>, Kunstverein Rotenburg, Kunstturm, Rotenburg (W\u00fcmme)&nbsp;<br><strong>Petersburger Salon<\/strong>, level one, Hamburg<\/p>\n\n\n\n<p>2012<\/p>\n\n\n\n<p><strong>Mirror Mirror<\/strong>, White Trash Contemporary, Hamburg&nbsp;<br><strong>Petersburger Salon<\/strong>, level one, Hamburg<\/p>\n\n\n\n<p>2011<\/p>\n\n\n\n<p><strong>Kunstmen\u00fc \u2013 die Hauptspeise<\/strong>, Kunst-Raum Akademie, Rottenburg Stuttgart, Weingarten (Katalog)<br><strong>schein oder nicht schein<\/strong>, Kunstverein Buchholz<\/p>\n\n\n\n<p>2010<\/p>\n\n\n\n<p><strong>DA HOOD Vol.1<\/strong>, G\u00e4ngeviertel, Speckstra\u00dfe, Hamburg&nbsp;<strong>Weessen<\/strong>, Forgotten Bar Project, Berlin&nbsp;<br><strong>M\u00fccken dr\u00fccken und Kr\u00f6ten lecken<\/strong>, Velada Santa Lucia, Maracaibo, (Katalog) Kunsthalle Faust, Hannoner (Zeitungskatalog)&nbsp;<br><strong>KosmosKiosk<\/strong>, Neuer Kunstverein Giessen e.v., Gie\u00dfen&nbsp;<\/p>\n\n\n\n<p>2009<\/p>\n\n\n\n<p><strong>Cash Flow<\/strong>, White Trash Contemporary Galerie, Hamburg<br><strong>Nordschau II &#8211; Weitere Blicke in die Kunstsammlung der HSH Nordbank<\/strong>, Konferenzzentrum HSH Nordbank, Hamburg<br><strong>Gro\u00dfe Freiheit Nr. 8<\/strong>, White Trash Contemporary, Berlin<br><strong>Die die die die ganze verdammte gesamte Scheisse<\/strong>, K\u00fcnstler B\u00fccher, White Trash Contemporary, Hamburg<\/p>\n\n\n\n<p>2008<\/p>\n\n\n\n<p><strong>Tues moi \u2013 Kill me<\/strong>, Art-Cade, Galerie des Grands Bains Douches, Marseille, Frankreich<br><strong>Zum Jubil\u00e4um. Die Wunschliste: SUBA NOVA.<\/strong>, Stadtgalerie Kiel<br><strong>Ach wie die Nachtviole lieblich duftet!<\/strong>, Kunst und Botanik I, Kunstverein Schwimmhalle Schloss Pl\u00f6n im Kulturforum, Pl\u00f6n<br><strong>Shifting Identity<\/strong>, Visual Produktion Space, Beijing, China<\/p>\n\n\n\n<p>2007<\/p>\n\n\n\n<p><strong>BLAU se moviliza &#8211; 7.Velada de Santa Lucia<\/strong>, Maracaibo, Venezuela<br><strong>Western Mandala<\/strong>, Kunstverein Pl\u00f6n im Prinzenbad, Kulturverein Pl\u00f6n<br><strong>M for M,<\/strong>&nbsp;SMAK, Museum for Aktuelle Kunst, Gent, Belgien (Katalog)<br><strong>gnadenlos subjektiv<\/strong>, Arthur Boskamp Stiftung M1, Hohenlockstedt (Katalog)<br><strong>Edwin-Scharff-Preis Verleihung<\/strong>, Deichtorhallen Hamburg<br><strong>nordskulptur:licht<\/strong>, Verein zur F\u00f6rderung der Kunst in Neum\u00fcnster e.V., Stadt Neum\u00fcnster (Katalog)<\/p>\n\n\n\n<p>2006<\/p>\n\n\n\n<p><strong>12 Jahre Sommerakademie Wismar \u2013 eine Retrospektive,<\/strong>&nbsp;Baumhaus, Alter Hafen, Wismar<br><strong>Light Vanilla Raspberry Laccino<\/strong>, White Trash Contemporary, Hamburg2005<br><strong>Pick Up And Mix<\/strong>, Kaiser-Wilhelm-Stra\u00dfe 61, Hamburg<br><strong>Circuitos\/Circuits\/Barrio Matucana\/Encuentro Internacional de Arte Actual<\/strong>, Centro Cultural Matucana 100, Santiago, Chile<br><strong>5.Velada de Santa Lucia<\/strong>, Maracaibo, Venezuela<br><strong>bailar en la casa del trompo,<\/strong>&nbsp;Kunsthaus Hamburg, Hamburg (Katalog)<\/p>\n\n\n\n<p>2004<\/p>\n\n\n\n<p><strong>bailar en la casa del trompo,&nbsp;<\/strong>Centro Wilfredo Lam, Havanna, Kuba (Katalog)<br><strong>Erst kommt das Fressen dann kommt die Moral<\/strong>, Galerie der Hochschule f\u00fcr Grafik und Buchkunst, Leipzig<br><strong>Teilen was du wei\u00dft<\/strong>, Jugendwerkstadt Rosenallee, Hamburg<br><strong>Blue Chips<\/strong>, BLAU \u2013&nbsp;<em>Zimmer f\u00fcr Kunst und andere<\/em>, Hamburg<\/p>\n\n\n\n<p>2003<\/p>\n\n\n\n<p><strong>Hamburg \u2013 Nagasaki Contemporary Art Exchange Exhibition<\/strong>, KTN Galerie, Nagasaki, Japan (Katalog)<br><strong>Der Sch\u00f6ne Schein \u2013 Kunst + Geld<\/strong>, Heart Gallery, Mannheim<br><strong>O1<\/strong>, Ottensen, Park, Hamburg<br><strong>BLAU goes Christmas<\/strong>, BLAU \u2013&nbsp;<em>Zimmer f\u00fcr Kunst und andere<\/em>, Hamburg<br><strong>Herkunft unbekannt?<\/strong>, Galerie Frehrking Wieseh\u00f6fer, K\u00f6ln<br><strong>Asia Print Adventure 2003<\/strong>, Hokkaido Museum of Modern Art, Sapporo, Japan (Katalog)<\/p>\n\n\n\n<p>2002<\/p>\n\n\n\n<p><strong>Velada Santa Lucia<\/strong>, Santa Lucia, Maracaibo, Venezuela<br><strong>Mit Vollem Munde Spricht Man Nicht<\/strong>, Stadtgalerie Kiel (Katalog)<br><strong>bifokal<\/strong>, Technische Sammlungen, Dresden (CD-ROM)<br><strong>Bernard Plasse<\/strong>, Galerie du Tableau zu Gast im K\u00fcnstlerhaus Weidenallee, Hamburg<br><strong>bifokal<\/strong>, Kunsthaus Hamburg Barlachhalle K, Hamburg (CD-ROM)<br><strong>BAUartbyTEN<\/strong>, Kunst im Sanierungsbau, Rothenbaumchaussee 173, Hamburg<\/p>\n\n\n\n<p>2000<\/p>\n\n\n\n<p><strong>Haus und Einbruch<\/strong>, Stadtgalerie Kiel (Katalog)<br><strong>The New Love<\/strong>, Kunsthalle Faust, Hannover (Katalog)<br><strong>Mit Vollem Munde Spricht Man Nicht<\/strong>, Galerie der K\u00fcnstler, M\u00fcnchen (Katalog)<\/p>\n\n\n\n<p>2000<\/p>\n\n\n\n<p><strong>Re:Duchamp<\/strong>, (Lubelski Galleries New York), Kulturbahnhof Bremen, Tel Aviv, Lodsz<br><strong>Operation in Produktion \u2013 Revolution Triple O<\/strong>, Hamburg City Nord (eye \u2013 city)<br><strong>Zwischen Wasser<\/strong>, Kunstverein Schloss Pl\u00f6n (Katalog)<br><strong>City, Play, Space<\/strong>, Yamawa Gallery, Iwamizawa, Japan<\/p>\n\n\n\n<p>1999<\/p>\n\n\n\n<p><strong>Today &#8211; Tomorrow<\/strong>, Kirin Plaza, Osaka, Japan (Katalog) Staatsgalerie Stuttgart Verein f\u00fcr Kunst und Kultur 88, Hamburg Heart Gallery, Mannheim Roxi\u2019s Pocket Art Gallery, Hamburg<\/p>\n\n\n\n<p>1998<\/p>\n\n\n\n<p><strong>Sieben K\u00fcnstler auf Burg Ludwigstein<\/strong>, Burg Ludwigstein, Witzenhausen<br><strong>Pentiment<\/strong>, Fachhochschule f\u00fcr Gestaltung, Hamburg<br><strong>Today &#8211; Tomorrow<\/strong>, Galerie de l&#8217;Ecole superieure des Beaux &#8211; Artes de Marseille, Marseille, Frankreich (Katalog)<br><strong>Contemporania<\/strong>, Museo Alejandro Otero, Caracas, Venezuela<\/p>\n\n\n\n<p>1997<\/p>\n\n\n\n<p><strong>Kunststreifz\u00fcge<\/strong>, Kunsthaus Hamburg (Katalog)<br><strong>Die Stadt&nbsp; &#8211; K\u00fcnstlerische Wahrnehmung als Raum des (Nach-)Denkens<\/strong>, Kunstverein Schloss Pl\u00f6n<br><strong>Two To Two<\/strong>, Kunstverein Bergen, Norwegen (Katalog)<\/p>\n\n\n\n<p>1996<\/p>\n\n\n\n<p><strong>Clima Aleman<\/strong>, Museo Alejandro Otero, Caracas, Venezuela (Katalog)<\/p>\n\n\n\n<p>1995<\/p>\n\n\n\n<p><strong>Stipendiaten 1994<\/strong>, Kampnagel K3, Hamburg (Katalog)<br><strong>Sieben&nbsp;<\/strong>K\u00fcnstler aus Wiesloch<strong>,&nbsp;<\/strong>Kunstkreis S\u00fcdliche Bergstra\u00dfe-Kraichgau e.V., Wiesloch (Katalog)<\/p>\n\n\n\n<p>1993<\/p>\n\n\n\n<p><strong>Blind Dates<\/strong>, Galerie in der Fabrik, N\u00fcrtingen<br><strong>Wa(h)re Kunst<\/strong>, Hamburger B\u00f6rse, Hamburg (Katalog)<\/p>\n\n\n\n<p>1992<\/p>\n\n\n\n<p><strong>Raumbegegnungen<\/strong>, AVNET &#8211; Nachtgalerie, Berlin West Galerie im Kunsthof, Berlin Ost<br><strong>Avantgarde. Reflex Ost-West<\/strong>, Altes Rathaus, Potsdamm (Katalog)<\/p>\n\n\n\n<p>1988<\/p>\n\n\n\n<p><strong>8 Studenten Stellen Aus<\/strong>, St\u00e4dtische Galerie Nordhorn (Katalog)<br><strong>Neue Kunst in Hamburg<\/strong>, Kampnagel, Halle K3, Hamburg (Katalog)<br><strong>Wechsel Im&nbsp;<em>Konjunktiv<\/em><\/strong>, Galerie Vera Munro, Hamburg (Katalog)<br><strong>Gru\u00df aus Hamburg<\/strong>, Eisfabrik, Hannover<br><strong>Art in public space<\/strong>, Salzgitter-Lebenstedt, Symposium<br><strong>Abstract Tendencies In New German Art<\/strong>, Karl Bornstein Gallery, Los Angeles, USA<br><strong>Neue Kunst in Hamburg<\/strong>, Museum Haus Lange, Krefeld (Katalog)<\/p>\n\n\n\n<p>1987<\/p>\n\n\n\n<p>FK N\u00fcrtingen, Galerie in der Fabrik<\/p>","protected":false},"excerpt":{"rendered":"<p>2025 ChatMDF, K\u00fcnstlerhaus Hamburg-Bergedorf, Hamburg (Katalog)ENTRANS\u00ccTO &#8211; inspirit we are elsewhere, Iglesia de San Antonio, San Antonio, Ibiza, SpanienChatMDF, Kunstverein Rotenburg, Rotenburg W\u00fcmme (Katalog)Digital Icon, Casa Bianca, City of Thessaloniki, Griechenland (Katalog)ENTRANS\u00ccTO &#8211; inspirit we are elsewhere, Raum linksrechts, G\u00e4ngeviertel, HamburgKorea &#8211; Germany Contemporary Art Exhibition, Changwon Seongsan Art Hall, Changwon, South Korea (Katalog) 2024 &hellip; <a href=\"https:\/\/michaeldoerner.de\/en\/gruppenausstellungen\/\" class=\"more-link\">Continue reading<span class=\"screen-reader-text\"> &#8222;Gruppen&shy;ausstellungen&#8220;<\/span><\/a><\/p>","protected":false},"author":1,"featured_media":0,"parent":0,"menu_order":0,"comment_status":"closed","ping_status":"closed","template":"","meta":{"footnotes":""},"class_list":["post-63","page","type-page","status-publish","hentry","no-thumbnail"],"_links":{"self":[{"href":"https:\/\/michaeldoerner.de\/en\/wp-json\/wp\/v2\/pages\/63","targetHints":{"allow":["GET"]}}],"collection":[{"href":"https:\/\/michaeldoerner.de\/en\/wp-json\/wp\/v2\/pages"}],"about":[{"href":"https:\/\/michaeldoerner.de\/en\/wp-json\/wp\/v2\/types\/page"}],"author":[{"embeddable":true,"href":"https:\/\/michaeldoerner.de\/en\/wp-json\/wp\/v2\/users\/1"}],"replies":[{"embeddable":true,"href":"https:\/\/michaeldoerner.de\/en\/wp-json\/wp\/v2\/comments?post=63"}],"version-history":[{"count":29,"href":"https:\/\/michaeldoerner.de\/en\/wp-json\/wp\/v2\/pages\/63\/revisions"}],"predecessor-version":[{"id":1150,"href":"https:\/\/michaeldoerner.de\/en\/wp-json\/wp\/v2\/pages\/63\/revisions\/1150"}],"wp:attachment":[{"href":"https:\/\/michaeldoerner.de\/en\/wp-json\/wp\/v2\/media?parent=63"}],"curies":[{"name":"wp","href":"https:\/\/api.w.org\/{rel}","templated":true}]}}