{"id":57,"date":"2020-01-24T19:37:12","date_gmt":"2020-01-24T18:37:12","guid":{"rendered":"https:\/\/michaeldoerner.de\/?page_id=57"},"modified":"2026-01-26T18:14:24","modified_gmt":"2026-01-26T17:14:24","slug":"einzelausstellungen","status":"publish","type":"page","link":"https:\/\/michaeldoerner.de\/en\/einzelausstellungen\/","title":{"rendered":"Einzel&shy;ausstellungen"},"content":{"rendered":"<ul class=\"wp-block-list list--chronological\">\n<li>2026<\/li>\n\n\n\n<li><strong>Echo, Paula and I,<\/strong> Institut f\u00fcr alle M\u00f6gliche \/ Abteilung f\u00fcr alles Andere, Berlin<\/li>\n\n\n\n<li>2024<\/li>\n\n\n\n<li><strong>Relevanz der N\u00e4he,<\/strong> Kunstverein Schwimmhalle Schloss Pl\u00f6n<\/li>\n<\/ul>\n\n\n\n<ul class=\"wp-block-list list--chronological\">\n<li>2015<\/li>\n\n\n\n<li><strong>Nichts a l s Risiko<\/strong>, Kunstverein Oerlinghausen<\/li>\n\n\n\n<li>2012<\/li>\n\n\n\n<li><strong>I Think<\/strong>, Helmholtz Zentrum Rossendorf, Dresden<\/li>\n\n\n\n<li>2011<\/li>\n\n\n\n<li><strong>schein oder nicht schein<\/strong>, Kunstverein Buchholz, Nordheide<\/li>\n\n\n\n<li>2010<\/li>\n\n\n\n<li><strong>Sic itur ad astra?<\/strong>, Petri Kirche, L\u00fcbeck, (mit Jochen Stenschke), (Katalog)<\/li>\n\n\n\n<li>2009<\/li>\n\n\n\n<li><strong>Vom Sch\u00f6nen Schein<\/strong>, Stadtgalerie Kiel, Kiel (Katalog) <strong>MORGENROCK<\/strong>, Galerie und Kunstverein Roter Pavillon, Bad Doberan<\/li>\n\n\n\n<li>2007<\/li>\n\n\n\n<li><strong>Lola<\/strong>, Kunst im \u00f6ffentlichen Raum, Offene Ganztagsschulen Hohenlockstedt <strong>Flirt 514<\/strong>, White Trash Contemporary, Hamburg<\/li>\n\n\n\n<li>2006<\/li>\n\n\n\n<li><strong>Versehen<\/strong>, Kunst im \u00f6ffentlichen Raum, Stadtgalerie Kiel, Neues Rathaus, Kiel <strong>Kehrwert<\/strong>, Admiralit\u00e4tstra\u00dfe Hamburg<\/li>\n\n\n\n<li>2005<\/li>\n\n\n\n<li><strong>Ich esse was, was du nicht siehst,<\/strong> Weltbekannt, Verein zur F\u00f6rderung kultureller Aktivit\u00e4ten, Hamburg <strong>Freut Euch!<\/strong>, Kunst im \u00f6ffentlichen Raum, Spitalplatz G\u00f6ppingen, Kunstverein G\u00f6ppingen (Katalog) <strong>sonntags&#8230;<\/strong>, F\u00fcnf Installationen, HVB Kunstpalais, M\u00fcnchen<\/li>\n\n\n\n<li>2004<\/li>\n\n\n\n<li><strong>T\u00fcrme f\u00fcr Allerm\u00f6he &#8211; Zuckerstangen f\u00fcr eine neue Stadt<\/strong>, Kunst im \u00f6ffentlichen Raum, Neu \u2013 Allerm\u00f6he, Hamburg (mit Christoph Fischer)<\/li>\n\n\n\n<li>2003<\/li>\n\n\n\n<li><strong><em>heim<\/em>lich \u2013 Installationen und Aktionen \u201eZwischen Risiko und Einrichtung\u201c<\/strong>, art kite Museum, Detmold (Katalog)Freilichtmuseum Detmold, KulturAllee Detmold<\/li>\n\n\n\n<li>2002<\/li>\n\n\n\n<li><strong>f\u00f6rdern &lt;\u2013&gt; fragen &lt;\u2013&gt; fressen<\/strong>, \u201eVeranstaltung des Vereins zur F\u00f6rderung feinstofflicher Phrasen\u201c, Stadgalerie Kiel, Museumsnacht (mit Michael Lingner), (DVD)<\/li>\n\n\n\n<li>2001<\/li>\n\n\n\n<li><strong>raffiniert,<\/strong> b\u00fcro f\u00fcr kunst, Dresden (DVD) <strong>schl\u00fcpfrig 1<\/strong>, Ausstellungsraum Taubenstrasse, Hamburg (DVD) <strong>schl\u00fcpfrig 2<\/strong>, Verein f\u00fcr Kunst und Kultur 88, Hamburg (DVD)<\/li>\n\n\n\n<li>2000<\/li>\n\n\n\n<li>CAI, Contempory Art Institut, Sapporo, Japan<\/li>\n\n\n\n<li>1999<\/li>\n\n\n\n<li><strong>Brigittes und Martins<\/strong>, Eberhard Architekten, Friedrich &#8211; Ebertanlage 17, Heidelberg <strong>trop c&#8217;est jamais assez<\/strong>, Galerie du Tableau, Marseille, Frankreich<\/li>\n\n\n\n<li>1998<\/li>\n\n\n\n<li><strong>Zwischen Risiko und Einrichtung<\/strong>, Kunstverein Wismar, Werkstatt Galerie 20, Technische Hochschule Wismar (Katalog)<\/li>\n\n\n\n<li>1997<\/li>\n\n\n\n<li><strong><em>bolisch<\/em><\/strong>, Kunstraum Elbschloss, Hamburg (Katalog) <strong>Homatropin<\/strong>, Heart Gallery, Mannheim<\/li>\n\n\n\n<li>1994<\/li>\n\n\n\n<li>Kunsthistorisches Museum Osnabr\u00fcck, Akzisehaus<\/li>\n\n\n\n<li>1990<\/li>\n\n\n\n<li>Galerie Vera Munro, Hamburg (Katalog)<\/li>\n<\/ul>","protected":false},"excerpt":{"rendered":"","protected":false},"author":1,"featured_media":0,"parent":0,"menu_order":0,"comment_status":"closed","ping_status":"closed","template":"","meta":{"footnotes":""},"class_list":["post-57","page","type-page","status-publish","hentry","no-thumbnail"],"_links":{"self":[{"href":"https:\/\/michaeldoerner.de\/en\/wp-json\/wp\/v2\/pages\/57","targetHints":{"allow":["GET"]}}],"collection":[{"href":"https:\/\/michaeldoerner.de\/en\/wp-json\/wp\/v2\/pages"}],"about":[{"href":"https:\/\/michaeldoerner.de\/en\/wp-json\/wp\/v2\/types\/page"}],"author":[{"embeddable":true,"href":"https:\/\/michaeldoerner.de\/en\/wp-json\/wp\/v2\/users\/1"}],"replies":[{"embeddable":true,"href":"https:\/\/michaeldoerner.de\/en\/wp-json\/wp\/v2\/comments?post=57"}],"version-history":[{"count":15,"href":"https:\/\/michaeldoerner.de\/en\/wp-json\/wp\/v2\/pages\/57\/revisions"}],"predecessor-version":[{"id":1152,"href":"https:\/\/michaeldoerner.de\/en\/wp-json\/wp\/v2\/pages\/57\/revisions\/1152"}],"wp:attachment":[{"href":"https:\/\/michaeldoerner.de\/en\/wp-json\/wp\/v2\/media?parent=57"}],"curies":[{"name":"wp","href":"https:\/\/api.w.org\/{rel}","templated":true}]}}