{"id":474,"date":"2021-03-23T00:20:12","date_gmt":"2021-03-22T23:20:12","guid":{"rendered":"https:\/\/michaeldoerner.de\/?page_id=474"},"modified":"2022-02-10T21:46:09","modified_gmt":"2022-02-10T20:46:09","slug":"home","status":"publish","type":"page","link":"https:\/\/michaeldoerner.de\/en\/","title":{"rendered":"Home"},"content":{"rendered":"","protected":false},"excerpt":{"rendered":"<p>Michael D\u00f6rner, geboren 1959 in Wiesloch, Deutschland ist K\u00fcnstler und Professor f\u00fcr Freie Bildende Kunst. (born 1959 in Wiesloch, Germany is an Artist and Professor for Fine Art.<\/p>","protected":false},"author":1,"featured_media":646,"parent":0,"menu_order":0,"comment_status":"closed","ping_status":"closed","template":"","meta":{"footnotes":""},"class_list":["post-474","page","type-page","status-publish","has-post-thumbnail","hentry","has-thumbnail"],"_links":{"self":[{"href":"https:\/\/michaeldoerner.de\/en\/wp-json\/wp\/v2\/pages\/474","targetHints":{"allow":["GET"]}}],"collection":[{"href":"https:\/\/michaeldoerner.de\/en\/wp-json\/wp\/v2\/pages"}],"about":[{"href":"https:\/\/michaeldoerner.de\/en\/wp-json\/wp\/v2\/types\/page"}],"author":[{"embeddable":true,"href":"https:\/\/michaeldoerner.de\/en\/wp-json\/wp\/v2\/users\/1"}],"replies":[{"embeddable":true,"href":"https:\/\/michaeldoerner.de\/en\/wp-json\/wp\/v2\/comments?post=474"}],"version-history":[{"count":2,"href":"https:\/\/michaeldoerner.de\/en\/wp-json\/wp\/v2\/pages\/474\/revisions"}],"predecessor-version":[{"id":849,"href":"https:\/\/michaeldoerner.de\/en\/wp-json\/wp\/v2\/pages\/474\/revisions\/849"}],"wp:featuredmedia":[{"embeddable":true,"href":"https:\/\/michaeldoerner.de\/en\/wp-json\/wp\/v2\/media\/646"}],"wp:attachment":[{"href":"https:\/\/michaeldoerner.de\/en\/wp-json\/wp\/v2\/media?parent=474"}],"curies":[{"name":"wp","href":"https:\/\/api.w.org\/{rel}","templated":true}]}}