{"id":46,"date":"2020-01-24T15:56:15","date_gmt":"2020-01-24T14:56:15","guid":{"rendered":"https:\/\/michaeldoerner.de\/?page_id=46"},"modified":"2020-01-24T15:56:15","modified_gmt":"2020-01-24T14:56:15","slug":"impressum","status":"publish","type":"page","link":"https:\/\/michaeldoerner.de\/en\/impressum\/","title":{"rendered":"imprint"},"content":{"rendered":"<p>Michael D\u00f6rner<br>Hauptstra\u00dfe 66 A<br>27404 Gyhum \/ Nartum<br>mail:&nbsp;<a>info@michaeldoerner.de<\/a><br>web:&nbsp;<a href=\"https:\/\/michaeldoerner.de\/en\/\">www.michaeldoerner.de<\/a><\/p>\n\n\n\n<p>Inhaltlich Verantwortlicher gem\u00e4\u00df \u00a7 55 Abs. 2 RStV: Michael D\u00f6rner (Anschrift wie oben)<\/p>\n\n\n\n<p>Haftungshinweis: Trotz sorgf\u00e4ltiger inhaltlicher Kontrolle wird keine Haftung f\u00fcr die Inhalte externer Links \u00fcbernommen. F\u00fcr den Inhalt der verlinkten Seiten sind ausschlie\u00dflich deren Betreiber verantwortlich.<\/p>\n\n\n\n<p>Urheberrecht: Copyright Michael D\u00f6rner. Alle Rechte vorbehalten.<br>Die Website an sich sowie alle Inhalte sind urheberrechtlich gesch\u00fctzt, einschlie\u00dflich der Abbildungen, \u00dcbersetzungen, etc.. Urheberrechte anderer Autoren sind bei den jeweiligen Beitr\u00e4gen gesondert ausgewiesen. Nachdruck oder Reproduktionen jeder Art nur mit schriftlicher Genehmigung der Herausgeber bzw. Autoren.<\/p>\n\n\n\n<p>Fotografen: Alex Beutel, Michael D\u00f6rner, Andrea Flak, Hans Hansen, Helmut Kunde, Wilfried Petzi, Jens Rathmann, Gabriel Rosenkranz, Dirk Schelpmeier<\/p>\n\n\n\n<p>Design\/Entwicklung:&nbsp;<a href=\"http:\/\/www.pixelkommastrich.de\/\" target=\"_blank\" rel=\"noreferrer noopener\">www.pixelkommastrich.de<\/a><\/p>","protected":false},"excerpt":{"rendered":"<p>Michael D\u00f6rnerHauptstra\u00dfe 66 A27404 Gyhum \/ Nartummail:&nbsp;info@michaeldoerner.deweb:&nbsp;www.michaeldoerner.de Inhaltlich Verantwortlicher gem\u00e4\u00df \u00a7 55 Abs. 2 RStV: Michael D\u00f6rner (Anschrift wie oben) Haftungshinweis: Trotz sorgf\u00e4ltiger inhaltlicher Kontrolle wird keine Haftung f\u00fcr die Inhalte externer Links \u00fcbernommen. F\u00fcr den Inhalt der verlinkten Seiten sind ausschlie\u00dflich deren Betreiber verantwortlich. Urheberrecht: Copyright Michael D\u00f6rner. Alle Rechte vorbehalten.Die Website an sich &hellip; <a href=\"https:\/\/michaeldoerner.de\/en\/impressum\/\" class=\"more-link\">Continue reading<span class=\"screen-reader-text\"> &#8222;Impressum&#8220;<\/span><\/a><\/p>","protected":false},"author":1,"featured_media":0,"parent":0,"menu_order":0,"comment_status":"closed","ping_status":"closed","template":"","meta":{"footnotes":""},"class_list":["post-46","page","type-page","status-publish","hentry","no-thumbnail"],"_links":{"self":[{"href":"https:\/\/michaeldoerner.de\/en\/wp-json\/wp\/v2\/pages\/46","targetHints":{"allow":["GET"]}}],"collection":[{"href":"https:\/\/michaeldoerner.de\/en\/wp-json\/wp\/v2\/pages"}],"about":[{"href":"https:\/\/michaeldoerner.de\/en\/wp-json\/wp\/v2\/types\/page"}],"author":[{"embeddable":true,"href":"https:\/\/michaeldoerner.de\/en\/wp-json\/wp\/v2\/users\/1"}],"replies":[{"embeddable":true,"href":"https:\/\/michaeldoerner.de\/en\/wp-json\/wp\/v2\/comments?post=46"}],"version-history":[{"count":1,"href":"https:\/\/michaeldoerner.de\/en\/wp-json\/wp\/v2\/pages\/46\/revisions"}],"predecessor-version":[{"id":47,"href":"https:\/\/michaeldoerner.de\/en\/wp-json\/wp\/v2\/pages\/46\/revisions\/47"}],"wp:attachment":[{"href":"https:\/\/michaeldoerner.de\/en\/wp-json\/wp\/v2\/media?parent=46"}],"curies":[{"name":"wp","href":"https:\/\/api.w.org\/{rel}","templated":true}]}}