{"id":369,"date":"2021-03-17T22:20:17","date_gmt":"2021-03-17T21:20:17","guid":{"rendered":"https:\/\/michaeldoerner.de\/?page_id=369"},"modified":"2021-04-12T21:03:21","modified_gmt":"2021-04-12T19:03:21","slug":"archiv","status":"publish","type":"page","link":"https:\/\/michaeldoerner.de\/en\/archiv\/","title":{"rendered":"Archive"},"content":{"rendered":"<h2 class=\"wp-block-heading\">Arbeiten 2020 bis jetzt<\/h2>\n\n\n<div class=\"lazyblock-archive-post-73zpI wp-block-lazyblock-archive-post\"><ul class=\"wp-block-latest-posts__list has-dates wp-block-latest-posts\">\n        <li><a href=\"https:\/\/michaeldoerner.de\/en\/archiv\/2020-jetzt\/paula-und-ich\/\" class=\"archive__link\">Paula und Ich<\/a>,&nbsp;\n          <time datetime=\"2026-02-11T13:03:04+01:00\" class=\"archive__meta\">2026\/02<\/time>            ,&nbsp;<span class=\"archive__meta\">2026, featured, Film, Installation, Institut f\u00fcr alles M\u00f6gliche, KI, Paula Modersohn-Becker, Video<\/span>        <\/li>        <li><a href=\"https:\/\/michaeldoerner.de\/en\/archiv\/2020-jetzt\/who-am-i\/\" class=\"archive__link\">Who am I?<\/a>,&nbsp;\n          <time datetime=\"2025-10-11T12:44:16+02:00\" class=\"archive__meta\">2025\/10<\/time>            ,&nbsp;<span class=\"archive__meta\">2025, featured, Film, Installation, Video<\/span>        <\/li>        <li><a href=\"https:\/\/michaeldoerner.de\/en\/arbeiten\/installationen\/denkbilder-imagenes-que-piensan\/\" class=\"archive__link\">Denkbilder &#8211; Im\u00e1genes que piensan<\/a>,&nbsp;\n          <time datetime=\"2024-05-02T12:47:48+02:00\" class=\"archive__meta\">2024\/05<\/time>            ,&nbsp;<span class=\"archive__meta\">2024, Denkbilder, featured, Film, Ibiza, Installation, San Antoni<\/span>        <\/li>        <li><a href=\"https:\/\/michaeldoerner.de\/en\/arbeiten\/installationen\/paradigmenwechsel-oder-was-ist-dein-leibgericht\/\" class=\"archive__link\">&#8222;Paradigmenwechsel oder Was ist dein Leibgericht?&#8220;<\/a>,&nbsp;\n          <time datetime=\"2022-06-15T16:12:51+02:00\" class=\"archive__meta\">2022\/06<\/time>            ,&nbsp;<span class=\"archive__meta\">2022, Cc:Kampagne, Film, Installation, Loitz<\/span>        <\/li>        <li><a href=\"https:\/\/michaeldoerner.de\/en\/arbeiten\/participation-you-finish-it\/\" class=\"archive__link\">Participation &#8211; You finish it<\/a>,&nbsp;\n          <time datetime=\"2022-06-01T19:09:01+02:00\" class=\"archive__meta\">2022\/06<\/time>            ,&nbsp;<span class=\"archive__meta\">2021, 2022, featured, Participation, Zeichnung<\/span>        <\/li>        <li><a href=\"https:\/\/michaeldoerner.de\/en\/arbeiten\/kunst-oeffentlicher-raum\/samepage\/\" class=\"archive__link\">Airbugs<\/a>,&nbsp;\n          <time datetime=\"2022-02-16T15:37:36+01:00\" class=\"archive__meta\">2022\/02<\/time>            ,&nbsp;<span class=\"archive__meta\">Airbugs, Amelinghausen, FairVerkehr, featured, HKS, Ottersberg<\/span>        <\/li>        <li><a href=\"https:\/\/michaeldoerner.de\/en\/arbeiten\/kunst-oeffentlicher-raum\/airbags\/\" class=\"archive__link\">Airbags<\/a>,&nbsp;\n          <time datetime=\"2021-09-07T17:50:46+02:00\" class=\"archive__meta\">2021\/09<\/time>            ,&nbsp;<span class=\"archive__meta\">Airbags, FairVerkehr, featured, HKS, Ottersberg<\/span>        <\/li>        <li><a href=\"https:\/\/michaeldoerner.de\/en\/archiv\/2020-jetzt\/allein-mit-c\/\" class=\"archive__link\">Allein mit C<\/a>,&nbsp;\n          <time datetime=\"2020-03-26T11:52:00+01:00\" class=\"archive__meta\">2020\/03<\/time>            ,&nbsp;<span class=\"archive__meta\">Allein mit C, Corona, Film<\/span>        <\/li><\/ul><\/div>\n\n\n<h2 class=\"wp-block-heading\">Arbeiten 2010 &#8211; 2019<\/h2>\n\n\n<div class=\"lazyblock-archive-post-1sxBdR wp-block-lazyblock-archive-post\"><ul class=\"wp-block-latest-posts__list has-dates wp-block-latest-posts\">\n        <li><a href=\"https:\/\/michaeldoerner.de\/en\/arbeiten\/installationen\/schwarzer-nebel-weisser-rauch\/\" class=\"archive__link\">\u201eSchwarzer Nebel &#8211; Wei\u00dfer Rauch\u201c<\/a>,&nbsp;\n          <time datetime=\"2019-09-16T12:55:10+02:00\" class=\"archive__meta\">2019\/09<\/time>        <\/li>        <li><a href=\"https:\/\/michaeldoerner.de\/en\/archiv\/2010-2019\/drone-mene-mu\/\" class=\"archive__link\">drone mene mu<\/a>,&nbsp;\n          <time datetime=\"2016-04-12T18:12:00+02:00\" class=\"archive__meta\">2016\/04<\/time>            ,&nbsp;<span class=\"archive__meta\">Film<\/span>        <\/li>        <li><a href=\"https:\/\/michaeldoerner.de\/en\/arbeiten\/installationen\/inklusion-inklusive\/\" class=\"archive__link\">INKLUSION inklusive<\/a>,&nbsp;\n          <time datetime=\"2016-01-23T16:12:19+01:00\" class=\"archive__meta\">2016\/01<\/time>        <\/li>        <li><a href=\"https:\/\/michaeldoerner.de\/en\/arbeiten\/installationen\/nichts-als-risiko\/\" class=\"archive__link\">\u201eNichts a l s Risiko\u201c<\/a>,&nbsp;\n          <time datetime=\"2015-03-17T23:11:59+01:00\" class=\"archive__meta\">2015\/03<\/time>        <\/li>        <li><a href=\"https:\/\/michaeldoerner.de\/en\/arbeiten\/kunst-oeffentlicher-raum\/grosse-freiheit\/\" class=\"archive__link\">Gro\u00dfe Freiheit<\/a>,&nbsp;\n          <time datetime=\"2015-03-16T22:08:29+01:00\" class=\"archive__meta\">2015\/03<\/time>            ,&nbsp;<span class=\"archive__meta\">Digitaldruck<\/span>        <\/li>        <li><a href=\"https:\/\/michaeldoerner.de\/en\/arbeiten\/emotionen\/\" class=\"archive__link\">Emotionen<\/a>,&nbsp;\n          <time datetime=\"2014-08-30T20:55:28+02:00\" class=\"archive__meta\">2014\/08<\/time>            ,&nbsp;<span class=\"archive__meta\">Digitaldruck, Emotionen, featured, Installation<\/span>        <\/li>        <li><a href=\"https:\/\/michaeldoerner.de\/en\/arbeiten\/installationen\/kunstfruehling-bremen-wer-hat-angst\/\" class=\"archive__link\">Kunstfr\u00fchling Bremen: &#8222;Wer hat Angst\u201c<\/a>,&nbsp;\n          <time datetime=\"2014-03-17T22:55:12+01:00\" class=\"archive__meta\">2014\/03<\/time>        <\/li>        <li><a href=\"https:\/\/michaeldoerner.de\/en\/arbeiten\/kunst-oeffentlicher-raum\/farbe-bekennen\/\" class=\"archive__link\">Farbe bekennen<\/a>,&nbsp;\n          <time datetime=\"2014-03-16T22:43:06+01:00\" class=\"archive__meta\">2014\/03<\/time>        <\/li>        <li><a href=\"https:\/\/michaeldoerner.de\/en\/arbeiten\/kunst-oeffentlicher-raum\/geniestreich\/\" class=\"archive__link\">GenieStreich<\/a>,&nbsp;\n          <time datetime=\"2011-03-16T22:46:36+01:00\" class=\"archive__meta\">2011\/03<\/time>        <\/li>        <li><a href=\"https:\/\/michaeldoerner.de\/en\/archiv\/2010-2019\/juana\/\" class=\"archive__link\">Juana<\/a>,&nbsp;\n          <time datetime=\"2010-04-12T18:22:00+02:00\" class=\"archive__meta\">2010\/04<\/time>            ,&nbsp;<span class=\"archive__meta\">Film<\/span>        <\/li>        <li><a href=\"https:\/\/michaeldoerner.de\/en\/arbeiten\/kunst-oeffentlicher-raum\/die-raute-im-ikosaeder-der-geschichte\/\" class=\"archive__link\">\u201eDie Raute im Ikosaeder der Geschichte\u201c<\/a>,&nbsp;\n          <time datetime=\"2010-03-16T23:22:17+01:00\" class=\"archive__meta\">2010\/03<\/time>        <\/li>        <li><a href=\"https:\/\/michaeldoerner.de\/en\/arbeiten\/installationen\/10-02\/\" class=\"archive__link\">10.02<\/a>,&nbsp;\n          <time datetime=\"2010-02-19T21:17:35+01:00\" class=\"archive__meta\">2010\/02<\/time>            ,&nbsp;<span class=\"archive__meta\">Installation<\/span>        <\/li>        <li><a href=\"https:\/\/michaeldoerner.de\/en\/archiv\/2010-2019\/tafel-26-und-27\/\" class=\"archive__link\">Tafel 26 und 27<\/a>,&nbsp;\n          <time datetime=\"2007-07-19T15:55:10+02:00\" class=\"archive__meta\">2007\/07<\/time>        <\/li>        <li><a href=\"https:\/\/michaeldoerner.de\/en\/archiv\/2010-2019\/tafel-21\/\" class=\"archive__link\">Tafel 21<\/a>,&nbsp;\n          <time datetime=\"2006-08-12T21:43:00+02:00\" class=\"archive__meta\">2006\/08<\/time>        <\/li><\/ul><\/div>\n\n\n<h2 class=\"wp-block-heading\">Arbeiten 2000 &#8211; 2009<\/h2>\n\n\n<div class=\"lazyblock-archive-post-bOwor wp-block-lazyblock-archive-post\"><ul class=\"wp-block-latest-posts__list has-dates wp-block-latest-posts\">\n        <li><a href=\"https:\/\/michaeldoerner.de\/en\/arbeiten\/emotionen\/\" class=\"archive__link\">Emotionen<\/a>,&nbsp;\n          <time datetime=\"2014-08-30T20:55:28+02:00\" class=\"archive__meta\">2014\/08<\/time>            ,&nbsp;<span class=\"archive__meta\">Digitaldruck, Emotionen, featured, Installation<\/span>        <\/li>        <li><a href=\"https:\/\/michaeldoerner.de\/en\/arbeiten\/installationen\/10-06-tafel-20\/\" class=\"archive__link\">Tafeln<\/a>,&nbsp;\n          <time datetime=\"2010-06-17T23:29:37+02:00\" class=\"archive__meta\">2010\/06<\/time>            ,&nbsp;<span class=\"archive__meta\">Aluminiu, Kollage, Lack, Tafel<\/span>        <\/li>        <li><a href=\"https:\/\/michaeldoerner.de\/en\/archiv\/2000-2009\/tafel-29\/\" class=\"archive__link\">Tafel 29<\/a>,&nbsp;\n          <time datetime=\"2007-11-19T15:34:00+01:00\" class=\"archive__meta\">2007\/11<\/time>        <\/li>        <li><a href=\"https:\/\/michaeldoerner.de\/en\/archiv\/2000-2009\/tafel-28\/\" class=\"archive__link\">Tafel 28<\/a>,&nbsp;\n          <time datetime=\"2007-10-19T15:29:14+02:00\" class=\"archive__meta\">2007\/10<\/time>        <\/li>        <li><a href=\"https:\/\/michaeldoerner.de\/en\/arbeiten\/installationen\/m-for-m-04-07\/\" class=\"archive__link\">&#8222;M for M&#8220;, 04.07<\/a>,&nbsp;\n          <time datetime=\"2007-04-17T23:55:30+02:00\" class=\"archive__meta\">2007\/04<\/time>        <\/li>        <li><a href=\"https:\/\/michaeldoerner.de\/en\/archiv\/2000-2009\/tafel-25\/\" class=\"archive__link\">Tafel 25<\/a>,&nbsp;\n          <time datetime=\"2007-03-19T15:59:24+01:00\" class=\"archive__meta\">2007\/03<\/time>        <\/li>        <li><a href=\"https:\/\/michaeldoerner.de\/en\/arbeiten\/installationen\/nordskulpturlicht-10-07\/\" class=\"archive__link\">&#8222;nordskulptur:licht&#8220;, 10.07<\/a>,&nbsp;\n          <time datetime=\"2007-03-18T00:10:57+01:00\" class=\"archive__meta\">2007\/03<\/time>        <\/li>        <li><a href=\"https:\/\/michaeldoerner.de\/en\/arbeiten\/kunst-oeffentlicher-raum\/lola\/\" class=\"archive__link\">Lola<\/a>,&nbsp;\n          <time datetime=\"2007-03-17T16:30:57+01:00\" class=\"archive__meta\">2007\/03<\/time>        <\/li>        <li><a href=\"https:\/\/michaeldoerner.de\/en\/arbeiten\/kunst-oeffentlicher-raum\/versehen\/\" class=\"archive__link\">VERSEHEN<\/a>,&nbsp;\n          <time datetime=\"2007-03-17T16:28:10+01:00\" class=\"archive__meta\">2007\/03<\/time>        <\/li>        <li><a href=\"https:\/\/michaeldoerner.de\/en\/archiv\/2000-2009\/tafel-23\/\" class=\"archive__link\">Tafel 23<\/a>,&nbsp;\n          <time datetime=\"2006-12-12T21:45:00+01:00\" class=\"archive__meta\">2006\/12<\/time>        <\/li>        <li><a href=\"https:\/\/michaeldoerner.de\/en\/archiv\/2000-2009\/tafel-20\/\" class=\"archive__link\">Tafel 20<\/a>,&nbsp;\n          <time datetime=\"2006-06-14T17:08:54+02:00\" class=\"archive__meta\">2006\/06<\/time>        <\/li>        <li><a href=\"https:\/\/michaeldoerner.de\/en\/archiv\/2000-2009\/tafel-29-2\/\" class=\"archive__link\">Tafel 15<\/a>,&nbsp;\n          <time datetime=\"2005-07-14T16:30:42+02:00\" class=\"archive__meta\">2005\/07<\/time>        <\/li>        <li><a href=\"https:\/\/michaeldoerner.de\/en\/arbeiten\/installationen\/circuitos-03-05\/\" class=\"archive__link\">&#8222;Circuitos&#8220;, 03.05<\/a>,&nbsp;\n          <time datetime=\"2005-03-18T00:08:45+01:00\" class=\"archive__meta\">2005\/03<\/time>        <\/li>        <li><a href=\"https:\/\/michaeldoerner.de\/en\/arbeiten\/kunst-oeffentlicher-raum\/freut-euch\/\" class=\"archive__link\">\u201eFreut Euch!\u201c<\/a>,&nbsp;\n          <time datetime=\"2005-03-17T16:32:27+01:00\" class=\"archive__meta\">2005\/03<\/time>        <\/li>        <li><a href=\"https:\/\/michaeldoerner.de\/en\/arbeiten\/installationen\/02-05\/\" class=\"archive__link\">02.05<\/a>,&nbsp;\n          <time datetime=\"2005-02-19T21:59:44+01:00\" class=\"archive__meta\">2005\/02<\/time>        <\/li>        <li><a href=\"https:\/\/michaeldoerner.de\/en\/archiv\/2000-2009\/tafel-14\/\" class=\"archive__link\">Tafel 14<\/a>,&nbsp;\n          <time datetime=\"2005-02-14T19:17:19+01:00\" class=\"archive__meta\">2005\/02<\/time>        <\/li>        <li><a href=\"https:\/\/michaeldoerner.de\/en\/archiv\/2000-2009\/bailar-en-la-casa-del-trompo\/\" class=\"archive__link\">\u201ebailar en la casa del trompo\u201c<\/a>,&nbsp;\n          <time datetime=\"2004-07-19T21:30:49+02:00\" class=\"archive__meta\">2004\/07<\/time>        <\/li>        <li><a href=\"https:\/\/michaeldoerner.de\/en\/arbeiten\/kunst-oeffentlicher-raum\/tuerme-fuer-allermoehe-zuckerstangen-fuer-eine-neue-stadt\/\" class=\"archive__link\">T\u00fcrme f\u00fcr Allerm\u00f6he \u2013 Zuckerstangen f\u00fcr eine neue Stadt<\/a>,&nbsp;\n          <time datetime=\"2004-03-17T21:52:46+01:00\" class=\"archive__meta\">2004\/03<\/time>        <\/li>        <li><a href=\"https:\/\/michaeldoerner.de\/en\/arbeiten\/installationen\/heimlich-installationen-und-aktionen-zwischen-risiko-und-einrichtung\/\" class=\"archive__link\">\u201eheimlich, Installationen und Aktionen zwischen Risiko und Einrichtung\u201c<\/a>,&nbsp;\n          <time datetime=\"2003-07-19T16:24:33+02:00\" class=\"archive__meta\">2003\/07<\/time>            ,&nbsp;<span class=\"archive__meta\">Installation<\/span>        <\/li>        <li><a href=\"https:\/\/michaeldoerner.de\/en\/archiv\/2000-2009\/tafel-11\/\" class=\"archive__link\">Tafel 11<\/a>,&nbsp;\n          <time datetime=\"2003-07-14T16:56:15+02:00\" class=\"archive__meta\">2003\/07<\/time>        <\/li>        <li><a href=\"https:\/\/michaeldoerner.de\/en\/archiv\/2000-2009\/tafel-12\/\" class=\"archive__link\">Tafel 12<\/a>,&nbsp;\n          <time datetime=\"2003-04-14T17:15:35+02:00\" class=\"archive__meta\">2003\/04<\/time>        <\/li>        <li><a href=\"https:\/\/michaeldoerner.de\/en\/arbeiten\/kunst-oeffentlicher-raum\/5-02-9-03-kiosk-in-der-pausenhalle\/\" class=\"archive__link\">5.02\/9.03 \u2013 Kiosk in der Pausenhalle<\/a>,&nbsp;\n          <time datetime=\"2003-03-17T21:55:10+01:00\" class=\"archive__meta\">2003\/03<\/time>        <\/li>        <li><a href=\"https:\/\/michaeldoerner.de\/en\/archiv\/2000-2009\/11-02\/\" class=\"archive__link\">11.02<\/a>,&nbsp;\n          <time datetime=\"2002-11-19T22:05:52+01:00\" class=\"archive__meta\">2002\/11<\/time>        <\/li>        <li><a href=\"https:\/\/michaeldoerner.de\/en\/archiv\/2000-2009\/tafel-01\/\" class=\"archive__link\">Tafel 01<\/a>,&nbsp;\n          <time datetime=\"2002-11-19T15:39:24+01:00\" class=\"archive__meta\">2002\/11<\/time>        <\/li>        <li><a href=\"https:\/\/michaeldoerner.de\/en\/archiv\/2000-2009\/pick-up-and-mix\/\" class=\"archive__link\">\u201ePick Up And Mix\u201c<\/a>,&nbsp;\n          <time datetime=\"2002-05-19T22:04:02+02:00\" class=\"archive__meta\">2002\/05<\/time>        <\/li>        <li><a href=\"https:\/\/michaeldoerner.de\/en\/archiv\/2000-2009\/mit-vollem-mund-spricht-man-nicht\/\" class=\"archive__link\">\u201eMit vollem Mund spricht man nicht\u201c<\/a>,&nbsp;\n          <time datetime=\"2001-07-19T21:46:09+02:00\" class=\"archive__meta\">2001\/07<\/time>        <\/li>        <li><a href=\"https:\/\/michaeldoerner.de\/en\/archiv\/2000-2009\/schluepfrig\/\" class=\"archive__link\">\u201eschl\u00fcpfrig\u201c<\/a>,&nbsp;\n          <time datetime=\"2001-04-12T18:31:00+02:00\" class=\"archive__meta\">2001\/04<\/time>            ,&nbsp;<span class=\"archive__meta\">Film<\/span>        <\/li>        <li><a href=\"https:\/\/michaeldoerner.de\/en\/archiv\/2000-2009\/raffiniert\/\" class=\"archive__link\">raffiniert<\/a>,&nbsp;\n          <time datetime=\"2001-04-12T18:29:00+02:00\" class=\"archive__meta\">2001\/04<\/time>            ,&nbsp;<span class=\"archive__meta\">Film<\/span>        <\/li>        <li><a href=\"https:\/\/michaeldoerner.de\/en\/arbeiten\/kunst-oeffentlicher-raum\/3-01\/\" class=\"archive__link\">3.01<\/a>,&nbsp;\n          <time datetime=\"2001-03-17T21:57:51+01:00\" class=\"archive__meta\">2001\/03<\/time>        <\/li>        <li><a href=\"https:\/\/michaeldoerner.de\/en\/arbeiten\/installationen\/4-00\/\" class=\"archive__link\">4.00<\/a>,&nbsp;\n          <time datetime=\"2000-04-19T16:50:18+02:00\" class=\"archive__meta\">2000\/04<\/time>            ,&nbsp;<span class=\"archive__meta\">Installation<\/span>        <\/li><\/ul><\/div>\n\n\n<p><\/p>\n\n\n\n<h2 class=\"wp-block-heading\">Arbeiten 1987 &#8211; 1999<\/h2>\n\n\n<div class=\"lazyblock-archive-post-Z1MbMQU wp-block-lazyblock-archive-post\"><ul class=\"wp-block-latest-posts__list has-dates wp-block-latest-posts\">\n        <li><a href=\"https:\/\/michaeldoerner.de\/en\/archiv\/1987-1999\/today-tomorrow\/\" class=\"archive__link\">Today &#8211; Tomorrow<\/a>,&nbsp;\n          <time datetime=\"1999-07-19T21:36:52+02:00\" class=\"archive__meta\">1999\/07<\/time>        <\/li>        <li><a href=\"https:\/\/michaeldoerner.de\/en\/arbeiten\/installationen\/01-97-08-01\/\" class=\"archive__link\">01.97, 08.01<\/a>,&nbsp;\n          <time datetime=\"1999-07-19T21:29:05+02:00\" class=\"archive__meta\">1999\/07<\/time>        <\/li>        <li><a href=\"https:\/\/michaeldoerner.de\/en\/arbeiten\/installationen\/bolisch\/\" class=\"archive__link\">&#8222;bolisch&#8220;<\/a>,&nbsp;\n          <time datetime=\"1997-03-18T00:16:01+01:00\" class=\"archive__meta\">1997\/03<\/time>        <\/li><\/ul><\/div>\n\n\n<p><\/p>","protected":false},"excerpt":{"rendered":"<p>Arbeiten 2020 bis jetzt Arbeiten 2010 &#8211; 2019 Arbeiten 2000 &#8211; 2009 Arbeiten 1987 &#8211; 1999<\/p>","protected":false},"author":1,"featured_media":0,"parent":0,"menu_order":0,"comment_status":"closed","ping_status":"closed","template":"","meta":{"footnotes":""},"class_list":["post-369","page","type-page","status-publish","hentry","no-thumbnail"],"_links":{"self":[{"href":"https:\/\/michaeldoerner.de\/en\/wp-json\/wp\/v2\/pages\/369","targetHints":{"allow":["GET"]}}],"collection":[{"href":"https:\/\/michaeldoerner.de\/en\/wp-json\/wp\/v2\/pages"}],"about":[{"href":"https:\/\/michaeldoerner.de\/en\/wp-json\/wp\/v2\/types\/page"}],"author":[{"embeddable":true,"href":"https:\/\/michaeldoerner.de\/en\/wp-json\/wp\/v2\/users\/1"}],"replies":[{"embeddable":true,"href":"https:\/\/michaeldoerner.de\/en\/wp-json\/wp\/v2\/comments?post=369"}],"version-history":[{"count":12,"href":"https:\/\/michaeldoerner.de\/en\/wp-json\/wp\/v2\/pages\/369\/revisions"}],"predecessor-version":[{"id":567,"href":"https:\/\/michaeldoerner.de\/en\/wp-json\/wp\/v2\/pages\/369\/revisions\/567"}],"wp:attachment":[{"href":"https:\/\/michaeldoerner.de\/en\/wp-json\/wp\/v2\/media?parent=369"}],"curies":[{"name":"wp","href":"https:\/\/api.w.org\/{rel}","templated":true}]}}