{"id":26,"date":"2020-01-23T16:08:02","date_gmt":"2020-01-23T15:08:02","guid":{"rendered":"https:\/\/michaeldoerner.de\/?page_id=26"},"modified":"2022-02-12T18:44:56","modified_gmt":"2022-02-12T17:44:56","slug":"biographie","status":"publish","type":"page","link":"https:\/\/michaeldoerner.de\/en\/biographie\/","title":{"rendered":"Biography"},"content":{"rendered":"<h2 class=\"wp-block-heading\" id=\"lebenslauf\">Lebenslauf:<\/h2>\n\n\n\n<p>Geboren: 1959, Wiesloch, Baden<br>P\u00e4dagogische Hochschule Heidelberg, 1981 &#8211; 83<br>Hochschule f\u00fcr Bildende K\u00fcnste Hamburg, 1984 &#8211; 90<br>Studiert bei: Franz Erhard Walther, Stanley Brouwn und Lawrence Weiner<br>Diplom mit Auszeichnung, 1990<\/p>\n\n\n\n<h3 class=\"wp-block-heading\" id=\"stipendien-und-preise\">Stipendien und Preise:<\/h3>\n\n\n\n<p>Stipendium der Studienstiftung des deutschen Volkes, 1986 &#8211; 1990<br>New-York&nbsp; Auslandstipendium der Studienstiftung, 1990\/91<br>Hamburgstipendium 1994<br>Piepenbrock Nachwuchspreis f\u00fcr Bildhauerei 1994<br>Edwin-Scharff Preis der Stadt Hamburg 2006<\/p>\n\n\n\n<h3 class=\"wp-block-heading\" id=\"lehrauftrage\">Lehrauftr\u00e4ge:<\/h3>\n\n\n\n<p>Lehrauftrag an Hochschule Wismar, Fachhochschule f\u00fcr Technik, Wirtschaft und Gestaltung, 1998<br>Gastprofessur an&nbsp; der International Academy For Art And Design\/<br>Fachhochschule f\u00fcr Gestaltung Hamburg, 1998<br>Gastprofessur Iwamizawa International Sculpture Camp, Japan, 2000<br>Gastprofessur an der Internationalen Sommerakademie Wismar, 2001<br>Professur f\u00fcr Freie Kunst in der Fachhochschule Ottersberg seit 2008<\/p>\n\n\n\n<h3 class=\"wp-block-heading\" id=\"arbeiten-im-offentlichen-raum\">Arbeiten im \u00d6ffentlichen Raum:<\/h3>\n\n\n\n<p>Foyer der Stadtgalerie Kiel, 2001<br>Kiosk in der Schule an der T\u00fcrkenstra\u00dfe M\u00fcnchen, 2003<br>T\u00fcrme f\u00fcr Allerm\u00f6he \u2013 Zuckerstangen f\u00fcr eine neue Stadt, Neu Allerm\u00f6he Hamburg, 2004<br>Freut Euch! Spitalplatz G\u00f6ppingen, 2005<br>Versehen, Portal der Stadtgalerie Kiel, 2006<br>Lolita, Gesamtschule Hohenlockstedt, 2007<br>GenieStreich, G\u00e4stehaus des Helmholtz Zentrums Dresden Rossendorf, 2011<br>Farbe bekennen, Gro\u00dfe Stra\u00dfe 107, Ottersberg, 2014<br>Gro\u00dfe Freiheit, Bahnhofstra\u00dfe, Bremerv\u00f6rde, 2015<br>drone mene mu, Skulpturenpark der Herbert Gemisch Stiftung, Neum\u00fcnster, 2016<br>Airbags, FairVerkehr, Gro\u00dfe Stra\u00dfe Ottersberg, 2021  <br>Airbugs, FairVerkehr, Soltauer Stra\u00dfe, Amelinghausen, 2022 <\/p>","protected":false},"excerpt":{"rendered":"<p>Lebenslauf: Geboren: 1959, Wiesloch, BadenP\u00e4dagogische Hochschule Heidelberg, 1981 &#8211; 83Hochschule f\u00fcr Bildende K\u00fcnste Hamburg, 1984 &#8211; 90Studiert bei: Franz Erhard Walther, Stanley Brouwn und Lawrence WeinerDiplom mit Auszeichnung, 1990 Stipendien und Preise: Stipendium der Studienstiftung des deutschen Volkes, 1986 &#8211; 1990New-York&nbsp; Auslandstipendium der Studienstiftung, 1990\/91Hamburgstipendium 1994Piepenbrock Nachwuchspreis f\u00fcr Bildhauerei 1994Edwin-Scharff Preis der Stadt Hamburg 2006 &hellip; <a href=\"https:\/\/michaeldoerner.de\/en\/biographie\/\" class=\"more-link\">Continue reading<span class=\"screen-reader-text\"> &#8222;Biographie&#8220;<\/span><\/a><\/p>","protected":false},"author":1,"featured_media":0,"parent":0,"menu_order":0,"comment_status":"closed","ping_status":"closed","template":"","meta":{"footnotes":""},"class_list":["post-26","page","type-page","status-publish","hentry","no-thumbnail"],"_links":{"self":[{"href":"https:\/\/michaeldoerner.de\/en\/wp-json\/wp\/v2\/pages\/26","targetHints":{"allow":["GET"]}}],"collection":[{"href":"https:\/\/michaeldoerner.de\/en\/wp-json\/wp\/v2\/pages"}],"about":[{"href":"https:\/\/michaeldoerner.de\/en\/wp-json\/wp\/v2\/types\/page"}],"author":[{"embeddable":true,"href":"https:\/\/michaeldoerner.de\/en\/wp-json\/wp\/v2\/users\/1"}],"replies":[{"embeddable":true,"href":"https:\/\/michaeldoerner.de\/en\/wp-json\/wp\/v2\/comments?post=26"}],"version-history":[{"count":5,"href":"https:\/\/michaeldoerner.de\/en\/wp-json\/wp\/v2\/pages\/26\/revisions"}],"predecessor-version":[{"id":851,"href":"https:\/\/michaeldoerner.de\/en\/wp-json\/wp\/v2\/pages\/26\/revisions\/851"}],"wp:attachment":[{"href":"https:\/\/michaeldoerner.de\/en\/wp-json\/wp\/v2\/media?parent=26"}],"curies":[{"name":"wp","href":"https:\/\/api.w.org\/{rel}","templated":true}]}}