{"id":115,"date":"2021-01-25T22:38:15","date_gmt":"2021-01-25T21:38:15","guid":{"rendered":"https:\/\/michaeldoerner.de\/?page_id=115"},"modified":"2021-03-16T21:59:10","modified_gmt":"2021-03-16T20:59:10","slug":"bibliografie","status":"publish","type":"page","link":"https:\/\/michaeldoerner.de\/en\/bibliografie\/","title":{"rendered":"Bibliography"},"content":{"rendered":"<h4 class=\"wp-block-heading\">\u201eVom Sch\u00f6nen Schein\u201c \u2013  Michael D\u00f6rner \/ Benjamin Mastaglio<\/h4>\n\n\n\n<p>Hrsg.: Stadtgalerie Kiel, Texte von Wolgang Zeigerer und Ludwig Seyfarth, 2009, ISBN 978-3927979-74-1<\/p>\n\n\n\n<h4 class=\"wp-block-heading\">\u201eSKULPTUR!\u201c<\/h4>\n\n\n\n<p>Hrsg.: Kulturstiftung Hartwig Piepenbrock, Staatliche Museen zu Berlin, Konzept:&nbsp;Anke Hervol, Auflage:&nbsp;1500, Jahr:&nbsp;2008, ISBN:&nbsp;978-3-88609-641-1<\/p>\n\n\n\n<h4 class=\"wp-block-heading\">\u201eKunst in der Stadt Hamburg \u2013 40 Werke im  \u00f6ffentlichen Raum\u201c<\/h4>\n\n\n\n<p>Hrsg.: Uwe Fleckner, Nicolaische  Verlagsbuchhandlung GmbH, Berlin, 2007, ISBN 978-3-89479-370-8 <\/p>\n\n\n\n<h4 class=\"wp-block-heading\">\u201eM for M\u201c<\/h4>\n\n\n\n<p>Hrsg.: S.M.A.K. Stedelijke Museum voor Actuele  Kunst, Gent, Belgien, 2007, ISBN 9789075679243 <\/p>\n\n\n\n<h4 class=\"wp-block-heading\">\u201enordskulptur:licht\u201c<\/h4>\n\n\n\n<p>Hrsg.: Verein zur F\u00f6rderung der Kunst Neum\u00fcnster e.V., Verlag Wachholtz Verlag Neum\u00fcnster, 2007, ISBN 978-3-529-02781-9<\/p>\n\n\n\n<h4 class=\"wp-block-heading\">\u201eFreut Euch\u201c<\/h4>\n\n\n\n<p>Hrsg.: Michael D\u00f6rner, Kunstverein  G\u00f6ppingen, Text: Werner Meyer, Verlag: Roma Publications, Amsterdam, 2006 <\/p>\n\n\n\n<h4 class=\"wp-block-heading\">\u201eSommer Akademie Wismar\u201c<\/h4>\n\n\n\n<p>Hrsg.: Valentin Rothmaler, Katalog anl\u00e4sslich der  Ausstellung 12 Jahre Sommerakademie Wismar \u2013 eine Retrospektive, CUBE FORM 11,  Wismar, 2006 <\/p>\n\n\n\n<h4 class=\"wp-block-heading\">\u201ebailar en la casa del trompo\u201c<\/h4>\n\n\n\n<p>Hrsg.: Claus Mewes, Text: Ludwig Seyfarth, Centro  Wilfredo Lam, Havanna, Kuba 2004<\/p>\n\n\n\n<h4 class=\"wp-block-heading\">\u201eT\u00fcrme  f\u00fcr Allerm\u00f6he \u2013 Zuckerstangen f\u00fcr eine neue Stadt\u201c<\/h4>\n\n\n\n<p>Hrsg.: Michael D\u00f6rner, Christoph  Fischer, Text: Dr. Wolf Jahn, Hamburg 2004<\/p>\n\n\n\n<h4 class=\"wp-block-heading\">\u201eAsia Print Adventure 2003\u201c<\/h4>\n\n\n\n<p>Hrsg.: Katsumi Yazaki, Text: Gousuke Yoshida, u.a., Hokkaido Museum of  Modern Art, Sapporo, Japan 2003<\/p>\n\n\n\n<h4 class=\"wp-block-heading\">\u201e<em>heimlich<\/em>,  Installationen und Aktionen <em>zwischen Risiko und Einrichtung<\/em>\u201c<\/h4>\n\n\n\n<p>Hrsg.: Inga Beyer, Inga Hagen, Text: Inga Beyer,  Phillippe van Cauteren, Veronika Sch\u00f6ne, art kite museum, Detmold, 2003 <\/p>\n\n\n\n<h4 class=\"wp-block-heading\">\u201eKiosk  in der Pausenhalle Schule T\u00fcrkenstra\u00dfe\u201c<\/h4>\n\n\n\n<p>Hrsg.: Landeshauptstadt M\u00fcnchen, Text: Susanne  Altmann, Schule in der T\u00fcrkenstra\u00dfe, M\u00fcnchen, 2003<\/p>\n\n\n\n<h4 class=\"wp-block-heading\">\u201eKunst  im Hotel \u2013 Eine zeitgen\u00f6ssische Sammlung der Volksf\u00fcrsorge\u201c<\/h4>\n\n\n\n<p>Hrsg.: Volksf\u00fcrsorge Versicherungsgruppe, Text: Dr.  Christoph Heinrich, Ludwig Seyfarth, u.a., Le Royal Meridian Hamburg, Hamburg  2003<\/p>\n\n\n\n<h4 class=\"wp-block-heading\">\u201eNagasaki-Hamburg Contemporary Art Exchange  Exhibition\u201c<\/h4>\n\n\n\n<p>Hrsg.: Tetsuhiko Ide, Text: Mikiko Sato, u.a.,  KTM Gallery, Nagasaki, Japan 2003<\/p>\n\n\n\n<h4 class=\"wp-block-heading\">\u201eAusstellungsraum  Taubenstrasse 13\u201c<\/h4>\n\n\n\n<p>Hrsg.: Tatjana Greiner, Tjorg Beer, Verlag der  Fachbuchhandlung, Sautter + Lackmann, ISBN&nbsp;  3-88920-047-8, Ausstellungsraum Taubenstrasse 13, Hamburg 2002<\/p>\n\n\n\n<h4 class=\"wp-block-heading\">\u201ebi  fokal \u2013 Junge Kunst aus Dresden und Hamburg\u201c<\/h4>\n\n\n\n<p>CD-Hrsg.: Susanne Altmann, Elly Brose-Eiermann,  Text: Susanne Altmann, Technische Sammlungen, Dresden 2002, Kunsthaus Hamburg  Barlach Halle K, Hamburg 2002<\/p>\n\n\n\n<h4 class=\"wp-block-heading\">\u201eHaus  und Einbruch\u201c<\/h4>\n\n\n\n<p>Hrsg.: Landeshauptstadt Kiel, Stadtgalerie, Text:  Knut Nievers, ISBN&nbsp; 3-927979-54-6,  Stadtgalerie Kiel, Kiel 2001<\/p>\n\n\n\n<h4 class=\"wp-block-heading\">\u201eMit  vollem Munde spricht man nicht!\u201c<\/h4>\n\n\n\n<p>Hrsg.: Elisabeth Hartung, Text: Susanne Altmann,  u.a., Verlag f\u00fcr moderne Kunst N\u00fcrnberg, ISBN&nbsp;  3-933096-72-3, Galerie der K\u00fcnstler M\u00fcnchen, M\u00fcnchen 2001 <\/p>\n\n\n\n<h4 class=\"wp-block-heading\">\u201epulgar 9&#8243; <\/h4>\n\n\n\n<p>Hrsg.: Luis Romero, Clemencia Labin, Publicasion  Ocasional, K\u00fcnstlerheft, Caracas, Venezuela 2001<\/p>\n\n\n\n<h4 class=\"wp-block-heading\">\u201eThe New Love\u201c<\/h4>\n\n\n\n<p>Hrsg.: Harro Schmidt, Kunsthalle Faust, Text:  Michael Stoeber,&nbsp; Kunsthalle Faust,  Hannover 2001<\/p>\n\n\n\n<h4 class=\"wp-block-heading\">\u201eZwischen Wasser\u201c<\/h4>\n\n\n\n<p>Hrsg.: Valentin Rothmaler, Text: Susanne Altmann,  Kunstverein Schloss Pl\u00f6n, Pl\u00f6n 2000<\/p>\n\n\n\n<h4 class=\"wp-block-heading\">\u201ebolisch\u201c<\/h4>\n\n\n\n<p>Hrsg.: Dagmar Reichart, Michael D\u00f6rner, Texte: Birgit Gatermann, Michael  Lingner, Karl-Josef Pazzini, Gunnar F. Gerlach, Claus Friede, Susanne Moll,  Martin Turner, Kerber Verlag Bielefeld ISBN 3-924639-98-1, Hamburg 1998<\/p>\n\n\n\n<h4 class=\"wp-block-heading\">\u201eSieben  K\u00fcnstler auf Burg Ludwigstein\u201c<\/h4>\n\n\n\n<p>Hrsg.: Florian Malzacher, Text: Michael D\u00f6rner, Claus Friede, Burg Ludwigstein  Witzenhausen,1998<\/p>\n\n\n\n<h4 class=\"wp-block-heading\">\u201eTODAY &#8211; TOMORROW\u201c<\/h4>\n\n\n\n<p>Hrsg.: Claus Meves, Text:  u.a. Knut Nievers, ISBN 3-930225-15-8, Hamburg &#8211; Marseilles 1998, <br>\nHamburg \u2013 Osaka 1999 <\/p>\n\n\n\n<h4 class=\"wp-block-heading\">\u201eZwischen  Risiko und Einrichtung\u201c<\/h4>\n\n\n\n<p>Hrsg.: Valentin Rothmaler, Michael D\u00f6rner, Texte: Gunnar F. Gerlach,  Valentin Rothmaler,&nbsp; CUBE FORM,  Kunstverein Wismar, Werkstattgalerie 20, Wismar, 1998<\/p>\n\n\n\n<h4 class=\"wp-block-heading\">\u201eKunststreifz\u00fcge\u201c<\/h4>\n\n\n\n<p>Hrsg.: Claus Mewes, NDR, Texte: Jobst Plog, Claus  Mewes, Waltraud Brodersen, D\u00f6lling und Galitz Verlag, ISBN 3-930802-64-3,  Hamburg,1997<\/p>\n\n\n\n<h4 class=\"wp-block-heading\">\u201eRapport fra formidlingsoppleee for utstillingen  Two to two\u201c<\/h4>\n\n\n\n<p>i Bergens kunstforening 20. sept. &#8211; 12. okt. 1997.  Av Hilde Skjeggestad, Bergen, 1997<\/p>\n\n\n\n<h4 class=\"wp-block-heading\">\u201eClima Aleman\u201c<\/h4>\n\n\n\n<p>Hrsg.: Museo Alejandro Otero,  Text: Gabriela Rangel, Tahia Rivero, Caracas, 1996<br>\nHrsg.: Michael D\u00f6rner, Caracas, 1996<\/p>\n\n\n\n<h4 class=\"wp-block-heading\">\u201eMichael D\u00f6rner\u201c<\/h4>\n\n\n\n<p>Hrsg.: Kulturbeh\u00f6rde der Freien und Hansestadt  Hamburg, 1995.<\/p>\n\n\n\n<h4 class=\"wp-block-heading\">\u201eSieben  K\u00fcnstler aus Wiesloch\u201c<\/h4>\n\n\n\n<p>Hrsg.: Kunstkreis S\u00fcdliche Bergstra\u00dfe-Kraichgau  e.V., Text: Werner Marx, Wiesloch, 1995. <\/p>\n\n\n\n<h4 class=\"wp-block-heading\">\u201eWa(h)re Kunst\u201c<\/h4>\n\n\n\n<p>Hrsg.: Arbeitgemeinschaft Hamburger Galerien, 1993.<\/p>\n\n\n\n<h4 class=\"wp-block-heading\">\u201eAvantgarde,  Reflex Ost-West\u201c<\/h4>\n\n\n\n<p>Hrsg.: J\u00fcrgen Schweinebraden Frhr. von  Wichmann-Eichhorn, Texte: Valentin Rothmaler, J\u00fcrgen Schweinebraden Frhr. von Wichmann-Eichhorn,  Michael Lingner, Potsdam, 1992.<\/p>\n\n\n\n<h4 class=\"wp-block-heading\">\u201eBijdrage  AAAA&#8220; Een nummer<\/h4>\n\n\n\n<p>(K\u00fcnstlerheft)<br>Hrsg.: Jeroen van Pelt, Amsterdam,1991.<\/p>\n\n\n\n<h4 class=\"wp-block-heading\">\u201eMichael   D\u00f6rner\u201c<\/h4>\n\n\n\n<p>Hrsg.: Verlag Munro &#8211; Unverzagt, Hamburg; Text:  Auszug aus &#8222;The Making of Americans&#8220; von Gertrud Stein; Hamburg,  1990.<\/p>\n\n\n\n<h4 class=\"wp-block-heading\">\u201eHfbK &#8211; Acht Studenten Der  Hochschule F\u00fcr Bildende K\u00fcnste Hamburg\u201c<\/h4>\n\n\n\n<p>St\u00e4dtische Galerie Nordhorn; Texte: Eckhard  Schneider, Carl Vogel, Franz Erhard Walther. Nordhorn, 1988<\/p>\n\n\n\n<h4 class=\"wp-block-heading\">\u201eNeue Kunst  in Hamburg\u201c<\/h4>\n\n\n\n<p>Hrsg.: Neue Kunst in Hamburg e.V.; Texte: Gerhard  Storck, Hans Jochen Waitz, <br>\nStephan Schmidt-Wulffen; Hamburg, 1988.<\/p>\n\n\n\n<h4 class=\"wp-block-heading\">\u201eWechsel <em>Im Konjunktiv<\/em>\u201c<\/h4>\n\n\n\n<p>Galerie Vera Munro, Hamburg;  Text: Michael Lingner. Hamburg,  1988.<\/p>","protected":false},"excerpt":{"rendered":"<p>\u201eVom Sch\u00f6nen Schein\u201c \u2013 Michael D\u00f6rner \/ Benjamin Mastaglio Hrsg.: Stadtgalerie Kiel, Texte von Wolgang Zeigerer und Ludwig Seyfarth, 2009, ISBN 978-3927979-74-1 \u201eSKULPTUR!\u201c Hrsg.: Kulturstiftung Hartwig Piepenbrock, Staatliche Museen zu Berlin, Konzept:&nbsp;Anke Hervol, Auflage:&nbsp;1500, Jahr:&nbsp;2008, ISBN:&nbsp;978-3-88609-641-1 \u201eKunst in der Stadt Hamburg \u2013 40 Werke im \u00f6ffentlichen Raum\u201c Hrsg.: Uwe Fleckner, Nicolaische Verlagsbuchhandlung GmbH, Berlin, 2007, &hellip; <a href=\"https:\/\/michaeldoerner.de\/en\/bibliografie\/\" class=\"more-link\">Continue reading<span class=\"screen-reader-text\"> &#8222;Bibliografie&#8220;<\/span><\/a><\/p>","protected":false},"author":1,"featured_media":0,"parent":0,"menu_order":0,"comment_status":"closed","ping_status":"closed","template":"","meta":{"footnotes":""},"class_list":["post-115","page","type-page","status-publish","hentry","no-thumbnail"],"_links":{"self":[{"href":"https:\/\/michaeldoerner.de\/en\/wp-json\/wp\/v2\/pages\/115","targetHints":{"allow":["GET"]}}],"collection":[{"href":"https:\/\/michaeldoerner.de\/en\/wp-json\/wp\/v2\/pages"}],"about":[{"href":"https:\/\/michaeldoerner.de\/en\/wp-json\/wp\/v2\/types\/page"}],"author":[{"embeddable":true,"href":"https:\/\/michaeldoerner.de\/en\/wp-json\/wp\/v2\/users\/1"}],"replies":[{"embeddable":true,"href":"https:\/\/michaeldoerner.de\/en\/wp-json\/wp\/v2\/comments?post=115"}],"version-history":[{"count":15,"href":"https:\/\/michaeldoerner.de\/en\/wp-json\/wp\/v2\/pages\/115\/revisions"}],"predecessor-version":[{"id":162,"href":"https:\/\/michaeldoerner.de\/en\/wp-json\/wp\/v2\/pages\/115\/revisions\/162"}],"wp:attachment":[{"href":"https:\/\/michaeldoerner.de\/en\/wp-json\/wp\/v2\/media?parent=115"}],"curies":[{"name":"wp","href":"https:\/\/api.w.org\/{rel}","templated":true}]}}